{"id":29466,"date":"2021-08-03T14:33:54","date_gmt":"2021-08-03T12:33:54","guid":{"rendered":"https:\/\/wptest02.myflore.ch\/?page_id=29466"},"modified":"2021-08-03T14:57:14","modified_gmt":"2021-08-03T12:57:14","slug":"contact","status":"publish","type":"page","link":"https:\/\/wptest02.myflore.ch\/?page_id=29466","title":{"rendered":"Contact"},"content":{"rendered":"\t\t<div data-elementor-type=\"wp-page\" data-elementor-id=\"29466\" class=\"elementor elementor-29466\">\n\t\t\t\t\t\t\t\t\t<section class=\"elementor-section elementor-top-section elementor-element elementor-element-15c28ae0 elementor-section-boxed elementor-section-height-default elementor-section-height-default\" data-id=\"15c28ae0\" data-element_type=\"section\">\n\t\t\t\t\t\t<div class=\"elementor-container elementor-column-gap-default\">\n\t\t\t\t\t<div class=\"elementor-column elementor-col-100 elementor-top-column elementor-element elementor-element-8f70b2c\" data-id=\"8f70b2c\" data-element_type=\"column\">\n\t\t\t<div class=\"elementor-widget-wrap elementor-element-populated\">\n\t\t\t\t\t\t\t\t<div class=\"elementor-element elementor-element-625b7028 elementor-widget elementor-widget-text-editor\" data-id=\"625b7028\" data-element_type=\"widget\" data-widget_type=\"text-editor.default\">\n\t\t\t\t<div class=\"elementor-widget-container\">\n\t\t\t<style>\/*! elementor - v3.11.5 - 14-03-2023 *\/\n.elementor-widget-text-editor.elementor-drop-cap-view-stacked .elementor-drop-cap{background-color:#818a91;color:#fff}.elementor-widget-text-editor.elementor-drop-cap-view-framed .elementor-drop-cap{color:#818a91;border:3px solid;background-color:transparent}.elementor-widget-text-editor:not(.elementor-drop-cap-view-default) .elementor-drop-cap{margin-top:8px}.elementor-widget-text-editor:not(.elementor-drop-cap-view-default) .elementor-drop-cap-letter{width:1em;height:1em}.elementor-widget-text-editor .elementor-drop-cap{float:left;text-align:center;line-height:1;font-size:50px}.elementor-widget-text-editor .elementor-drop-cap-letter{display:inline-block}<\/style>\t\t\t\t<p><!-- wp:paragraph --><\/p>\n<p>Harmonie \u00e9nerg\u00e9tique<br \/>Rue de la M\u00e9sange 46<br \/>155215 Vitabella<br \/>Afatoriss<\/p>\n<p><!-- \/wp:paragraph --><\/p>\t\t\t\t\t\t<\/div>\n\t\t\t\t<\/div>\n\t\t\t\t\t<\/div>\n\t\t<\/div>\n\t\t\t\t\t\t\t<\/div>\n\t\t<\/section>\n\t\t\t\t<section class=\"elementor-section elementor-top-section elementor-element elementor-element-6a1a7b8 elementor-section-boxed elementor-section-height-default elementor-section-height-default\" data-id=\"6a1a7b8\" data-element_type=\"section\">\n\t\t\t\t\t\t<div class=\"elementor-container elementor-column-gap-default\">\n\t\t\t\t\t<div class=\"elementor-column elementor-col-100 elementor-top-column elementor-element elementor-element-face348\" data-id=\"face348\" data-element_type=\"column\">\n\t\t\t<div class=\"elementor-widget-wrap elementor-element-populated\">\n\t\t\t\t\t\t\t\t<div class=\"elementor-element elementor-element-403847a elementor-widget elementor-widget-google_maps\" data-id=\"403847a\" data-element_type=\"widget\" data-widget_type=\"google_maps.default\">\n\t\t\t\t<div class=\"elementor-widget-container\">\n\t\t\t<style>\/*! elementor - v3.11.5 - 14-03-2023 *\/\n.elementor-widget-google_maps .elementor-widget-container{overflow:hidden}.elementor-widget-google_maps .elementor-custom-embed{line-height:0}.elementor-widget-google_maps iframe{height:300px}<\/style>\t\t<div class=\"elementor-custom-embed\">\n\t\t\t<iframe loading=\"lazy\"\n\t\t\t\t\tsrc=\"https:\/\/maps.google.com\/maps?q=polyn%C3%A9sie&#038;t=m&#038;z=10&#038;output=embed&#038;iwloc=near\"\n\t\t\t\t\ttitle=\"polyn\u00e9sie\"\n\t\t\t\t\taria-label=\"polyn\u00e9sie\"\n\t\t\t><\/iframe>\n\t\t<\/div>\n\t\t\t\t<\/div>\n\t\t\t\t<\/div>\n\t\t\t\t\t<\/div>\n\t\t<\/div>\n\t\t\t\t\t\t\t<\/div>\n\t\t<\/section>\n\t\t\t\t\t\t\t<\/div>\n\t\t","protected":false},"excerpt":{"rendered":"<p>Harmonie \u00e9nerg\u00e9tiqueRue de la M\u00e9sange 46155215 VitabellaAfatoriss<\/p>\n","protected":false},"author":1,"featured_media":0,"parent":0,"menu_order":0,"comment_status":"closed","ping_status":"closed","template":"","meta":[],"_links":{"self":[{"href":"https:\/\/wptest02.myflore.ch\/index.php?rest_route=\/wp\/v2\/pages\/29466"}],"collection":[{"href":"https:\/\/wptest02.myflore.ch\/index.php?rest_route=\/wp\/v2\/pages"}],"about":[{"href":"https:\/\/wptest02.myflore.ch\/index.php?rest_route=\/wp\/v2\/types\/page"}],"author":[{"embeddable":true,"href":"https:\/\/wptest02.myflore.ch\/index.php?rest_route=\/wp\/v2\/users\/1"}],"replies":[{"embeddable":true,"href":"https:\/\/wptest02.myflore.ch\/index.php?rest_route=%2Fwp%2Fv2%2Fcomments&post=29466"}],"version-history":[{"count":8,"href":"https:\/\/wptest02.myflore.ch\/index.php?rest_route=\/wp\/v2\/pages\/29466\/revisions"}],"predecessor-version":[{"id":29494,"href":"https:\/\/wptest02.myflore.ch\/index.php?rest_route=\/wp\/v2\/pages\/29466\/revisions\/29494"}],"wp:attachment":[{"href":"https:\/\/wptest02.myflore.ch\/index.php?rest_route=%2Fwp%2Fv2%2Fmedia&parent=29466"}],"curies":[{"name":"wp","href":"https:\/\/api.w.org\/{rel}","templated":true}]}}