{"id":29470,"date":"2021-08-03T14:35:41","date_gmt":"2021-08-03T12:35:41","guid":{"rendered":"https:\/\/wptest02.myflore.ch\/?page_id=29470"},"modified":"2021-08-10T15:02:14","modified_gmt":"2021-08-10T13:02:14","slug":"inspirations","status":"publish","type":"page","link":"https:\/\/wptest02.myflore.ch\/?page_id=29470","title":{"rendered":"Inspirations"},"content":{"rendered":"\t\t<div data-elementor-type=\"wp-page\" data-elementor-id=\"29470\" class=\"elementor elementor-29470\">\n\t\t\t\t\t\t\t\t\t<section class=\"elementor-section elementor-top-section elementor-element elementor-element-684f7b51 elementor-section-boxed elementor-section-height-default elementor-section-height-default\" data-id=\"684f7b51\" data-element_type=\"section\">\n\t\t\t\t\t\t<div class=\"elementor-container elementor-column-gap-default\">\n\t\t\t\t\t<div class=\"elementor-column elementor-col-100 elementor-top-column elementor-element elementor-element-4e7d400a\" data-id=\"4e7d400a\" data-element_type=\"column\">\n\t\t\t<div class=\"elementor-widget-wrap elementor-element-populated\">\n\t\t\t\t\t\t\t\t<div class=\"elementor-element elementor-element-138c84ff elementor-widget elementor-widget-text-editor\" data-id=\"138c84ff\" data-element_type=\"widget\" data-widget_type=\"text-editor.default\">\n\t\t\t\t<div class=\"elementor-widget-container\">\n\t\t\t<style>\/*! elementor - v3.11.5 - 14-03-2023 *\/\n.elementor-widget-text-editor.elementor-drop-cap-view-stacked .elementor-drop-cap{background-color:#818a91;color:#fff}.elementor-widget-text-editor.elementor-drop-cap-view-framed .elementor-drop-cap{color:#818a91;border:3px solid;background-color:transparent}.elementor-widget-text-editor:not(.elementor-drop-cap-view-default) .elementor-drop-cap{margin-top:8px}.elementor-widget-text-editor:not(.elementor-drop-cap-view-default) .elementor-drop-cap-letter{width:1em;height:1em}.elementor-widget-text-editor .elementor-drop-cap{float:left;text-align:center;line-height:1;font-size:50px}.elementor-widget-text-editor .elementor-drop-cap-letter{display:inline-block}<\/style>\t\t\t\t<p><!-- wp:paragraph --><\/p>\n<p>\u00a0<\/p>\n<p><!-- \/wp:paragraph --><\/p>\n<p><!-- wp:paragraph --><\/p>\n<p><img class=\"emoji\" role=\"img\" draggable=\"false\" src=\"https:\/\/s.w.org\/images\/core\/emoji\/13.1.0\/svg\/1f340.svg\" alt=\"\ud83c\udf40\" \/> J&rsquo;aime savoir que les gens se sentent mieux, plus l\u00e9gers, apr\u00e8s avoir pass\u00e9 quelques instants sur mon site <img class=\"emoji\" role=\"img\" draggable=\"false\" src=\"https:\/\/s.w.org\/images\/core\/emoji\/13.1.0\/svg\/1f340.svg\" alt=\"\ud83c\udf40\" \/><\/p>\n<p>Si la vie ne t&rsquo;inspire plus, alors que serait des chevaux sans la capacit\u00e9 de galoper ?!<span style=\"font-style: inherit; font-weight: inherit; color: var( --e-global-color-text ); font-family: var( --e-global-typography-text-font-family ), Sans-serif;\">\u00a0<\/span><\/p>\n<p><!-- \/wp:paragraph --><\/p>\t\t\t\t\t\t<\/div>\n\t\t\t\t<\/div>\n\t\t\t\t\t<\/div>\n\t\t<\/div>\n\t\t\t\t\t\t\t<\/div>\n\t\t<\/section>\n\t\t\t\t<section class=\"elementor-section elementor-top-section elementor-element elementor-element-0e6f2fc elementor-section-boxed elementor-section-height-default elementor-section-height-default\" data-id=\"0e6f2fc\" data-element_type=\"section\">\n\t\t\t\t\t\t<div class=\"elementor-container elementor-column-gap-default\">\n\t\t\t\t\t<div class=\"elementor-column elementor-col-100 elementor-top-column elementor-element elementor-element-3ef81c0\" data-id=\"3ef81c0\" data-element_type=\"column\">\n\t\t\t<div class=\"elementor-widget-wrap elementor-element-populated\">\n\t\t\t\t\t\t\t\t<div class=\"elementor-element elementor-element-54c29cc elementor-invisible elementor-widget elementor-widget-image\" data-id=\"54c29cc\" data-element_type=\"widget\" data-settings=\"{&quot;_animation&quot;:&quot;fadeIn&quot;}\" data-widget_type=\"image.default\">\n\t\t\t\t<div class=\"elementor-widget-container\">\n\t\t\t<style>\/*! elementor - v3.11.5 - 14-03-2023 *\/\n.elementor-widget-image{text-align:center}.elementor-widget-image a{display:inline-block}.elementor-widget-image a img[src$=\".svg\"]{width:48px}.elementor-widget-image img{vertical-align:middle;display:inline-block}<\/style>\t\t\t\t\t\t\t\t\t\t\t\t<img width=\"1024\" height=\"683\" src=\"https:\/\/wptest02.myflore.ch\/wp-content\/uploads\/2021\/02\/pexels-pixabay-52500-1024x683.jpg\" class=\"attachment-large size-large wp-image-29243\" alt=\"\" loading=\"lazy\" srcset=\"https:\/\/wptest02.myflore.ch\/wp-content\/uploads\/2021\/02\/pexels-pixabay-52500-1024x683.jpg 1024w, https:\/\/wptest02.myflore.ch\/wp-content\/uploads\/2021\/02\/pexels-pixabay-52500-300x200.jpg 300w, https:\/\/wptest02.myflore.ch\/wp-content\/uploads\/2021\/02\/pexels-pixabay-52500-768x512.jpg 768w, https:\/\/wptest02.myflore.ch\/wp-content\/uploads\/2021\/02\/pexels-pixabay-52500-1536x1024.jpg 1536w, https:\/\/wptest02.myflore.ch\/wp-content\/uploads\/2021\/02\/pexels-pixabay-52500-2048x1365.jpg 2048w, https:\/\/wptest02.myflore.ch\/wp-content\/uploads\/2021\/02\/pexels-pixabay-52500-1080x720.jpg 1080w, https:\/\/wptest02.myflore.ch\/wp-content\/uploads\/2021\/02\/pexels-pixabay-52500-1280x854.jpg 1280w, https:\/\/wptest02.myflore.ch\/wp-content\/uploads\/2021\/02\/pexels-pixabay-52500-980x653.jpg 980w, https:\/\/wptest02.myflore.ch\/wp-content\/uploads\/2021\/02\/pexels-pixabay-52500-480x320.jpg 480w\" sizes=\"(max-width: 1024px) 100vw, 1024px\" \/>\t\t\t\t\t\t\t\t\t\t\t\t\t\t\t<\/div>\n\t\t\t\t<\/div>\n\t\t\t\t\t<\/div>\n\t\t<\/div>\n\t\t\t\t\t\t\t<\/div>\n\t\t<\/section>\n\t\t\t\t<section class=\"elementor-section elementor-top-section elementor-element elementor-element-c421a48 elementor-section-boxed elementor-section-height-default elementor-section-height-default\" data-id=\"c421a48\" data-element_type=\"section\">\n\t\t\t\t\t\t<div class=\"elementor-container elementor-column-gap-default\">\n\t\t\t\t\t<div class=\"elementor-column elementor-col-100 elementor-top-column elementor-element elementor-element-b18dfff\" data-id=\"b18dfff\" data-element_type=\"column\">\n\t\t\t<div class=\"elementor-widget-wrap elementor-element-populated\">\n\t\t\t\t\t\t\t\t<div class=\"elementor-element elementor-element-921f5dc elementor-widget elementor-widget-testimonial\" data-id=\"921f5dc\" data-element_type=\"widget\" data-widget_type=\"testimonial.default\">\n\t\t\t\t<div class=\"elementor-widget-container\">\n\t\t\t<style>\/*! elementor - v3.11.5 - 14-03-2023 *\/\n.elementor-testimonial-wrapper{overflow:hidden;text-align:center}.elementor-testimonial-wrapper .elementor-testimonial-content{font-size:1.3em;margin-bottom:20px}.elementor-testimonial-wrapper .elementor-testimonial-name{line-height:1.5;display:block}.elementor-testimonial-wrapper .elementor-testimonial-job{font-size:.85em;display:block}.elementor-testimonial-wrapper .elementor-testimonial-meta{width:100%;line-height:1}.elementor-testimonial-wrapper .elementor-testimonial-meta-inner{display:inline-block}.elementor-testimonial-wrapper .elementor-testimonial-meta .elementor-testimonial-details,.elementor-testimonial-wrapper .elementor-testimonial-meta .elementor-testimonial-image{display:table-cell;vertical-align:middle}.elementor-testimonial-wrapper .elementor-testimonial-meta .elementor-testimonial-image img{width:60px;height:60px;border-radius:50%;-o-object-fit:cover;object-fit:cover;max-width:none}.elementor-testimonial-wrapper .elementor-testimonial-meta.elementor-testimonial-image-position-aside .elementor-testimonial-image{padding-right:15px}.elementor-testimonial-wrapper .elementor-testimonial-meta.elementor-testimonial-image-position-aside .elementor-testimonial-details{text-align:left}.elementor-testimonial-wrapper .elementor-testimonial-meta.elementor-testimonial-image-position-top .elementor-testimonial-details,.elementor-testimonial-wrapper .elementor-testimonial-meta.elementor-testimonial-image-position-top .elementor-testimonial-image{display:block}.elementor-testimonial-wrapper .elementor-testimonial-meta.elementor-testimonial-image-position-top .elementor-testimonial-image{margin-bottom:20px}<\/style>\t\t<div class=\"elementor-testimonial-wrapper\">\n\t\t\t\t\t\t\t<div class=\"elementor-testimonial-content\">\" La plus belle des vies, est une vie o\u00f9 l'on se sent libre \"<\/div>\n\t\t\t\n\t\t\t\t\t\t<div class=\"elementor-testimonial-meta elementor-has-image elementor-testimonial-image-position-aside\">\n\t\t\t\t<div class=\"elementor-testimonial-meta-inner\">\n\t\t\t\t\t\t\t\t\t\t\t<div class=\"elementor-testimonial-image\">\n\t\t\t\t\t\t\t<img width=\"802\" height=\"1200\" src=\"https:\/\/wptest02.myflore.ch\/wp-content\/uploads\/2021\/08\/cdnhg0csyam.jpg\" class=\"attachment-full size-full wp-image-29530\" alt=\"selective focus photography of string lights on bottle\" loading=\"lazy\" srcset=\"https:\/\/wptest02.myflore.ch\/wp-content\/uploads\/2021\/08\/cdnhg0csyam.jpg 802w, https:\/\/wptest02.myflore.ch\/wp-content\/uploads\/2021\/08\/cdnhg0csyam-201x300.jpg 201w, https:\/\/wptest02.myflore.ch\/wp-content\/uploads\/2021\/08\/cdnhg0csyam-684x1024.jpg 684w, https:\/\/wptest02.myflore.ch\/wp-content\/uploads\/2021\/08\/cdnhg0csyam-768x1149.jpg 768w\" sizes=\"(max-width: 802px) 100vw, 802px\" \/>\t\t\t\t\t\t<\/div>\n\t\t\t\t\t\n\t\t\t\t\t\t\t\t\t\t<div class=\"elementor-testimonial-details\">\n\t\t\t\t\t\t\t\t\t\t\t\t\t\t<div class=\"elementor-testimonial-name\">Coco<\/div>\n\t\t\t\t\t\t\t\t\t\t\t\t\t\t\t\t\t\t\t\t\t\t<div class=\"elementor-testimonial-job\">Designer<\/div>\n\t\t\t\t\t\t\t\t\t\t\t\t\t<\/div>\n\t\t\t\t\t\t\t\t\t<\/div>\n\t\t\t<\/div>\n\t\t\t\t\t<\/div>\n\t\t\t\t<\/div>\n\t\t\t\t<\/div>\n\t\t\t\t\t<\/div>\n\t\t<\/div>\n\t\t\t\t\t\t\t<\/div>\n\t\t<\/section>\n\t\t\t\t\t\t\t<\/div>\n\t\t","protected":false},"excerpt":{"rendered":"<p>\u00a0 J&rsquo;aime savoir que les gens se sentent mieux, plus l\u00e9gers, apr\u00e8s avoir pass\u00e9 quelques instants sur mon site Si la vie ne t&rsquo;inspire plus, alors que serait des chevaux sans la capacit\u00e9 de galoper ?!\u00a0 \u00a0\u00bb La plus belle des vies, est une vie o\u00f9 l&rsquo;on se sent libre \u00ab\u00a0 Coco Designer<\/p>\n","protected":false},"author":1,"featured_media":0,"parent":0,"menu_order":0,"comment_status":"closed","ping_status":"closed","template":"","meta":[],"_links":{"self":[{"href":"https:\/\/wptest02.myflore.ch\/index.php?rest_route=\/wp\/v2\/pages\/29470"}],"collection":[{"href":"https:\/\/wptest02.myflore.ch\/index.php?rest_route=\/wp\/v2\/pages"}],"about":[{"href":"https:\/\/wptest02.myflore.ch\/index.php?rest_route=\/wp\/v2\/types\/page"}],"author":[{"embeddable":true,"href":"https:\/\/wptest02.myflore.ch\/index.php?rest_route=\/wp\/v2\/users\/1"}],"replies":[{"embeddable":true,"href":"https:\/\/wptest02.myflore.ch\/index.php?rest_route=%2Fwp%2Fv2%2Fcomments&post=29470"}],"version-history":[{"count":40,"href":"https:\/\/wptest02.myflore.ch\/index.php?rest_route=\/wp\/v2\/pages\/29470\/revisions"}],"predecessor-version":[{"id":29574,"href":"https:\/\/wptest02.myflore.ch\/index.php?rest_route=\/wp\/v2\/pages\/29470\/revisions\/29574"}],"wp:attachment":[{"href":"https:\/\/wptest02.myflore.ch\/index.php?rest_route=%2Fwp%2Fv2%2Fmedia&parent=29470"}],"curies":[{"name":"wp","href":"https:\/\/api.w.org\/{rel}","templated":true}]}}